{"id":1045,"date":"2020-11-26T15:45:50","date_gmt":"2020-11-26T14:45:50","guid":{"rendered":"http:\/\/lfskak.dk\/?page_id=1045"},"modified":"2025-12-13T16:18:55","modified_gmt":"2025-12-13T15:18:55","slug":"1045-2","status":"publish","type":"page","link":"https:\/\/lfskak.dk\/lfskakbeta\/1045-2\/","title":{"rendered":"Klubmestre 1975 &#8211; 2025"},"content":{"rendered":"<p style=\"text-align: center;\"><strong>Vinderne af klubturneringen 1975 &#8211; 2025<\/strong><\/p>\n<p>&nbsp;<\/p>\n<p>&nbsp;<\/p>\n<table style=\"height: 852px;\" width=\"935\">\n<tbody>\n<tr>\n<td style=\"text-align: center;\" width=\"172\"><\/td>\n<td style=\"text-align: center;\" width=\"194\"><\/td>\n<td style=\"text-align: center;\" width=\"175\"><\/td>\n<td style=\"text-align: center;\" width=\"196\"><a href=\"https:\/\/turnering.skak.dk\/TournamentActive\/Details?tourId=29779\">2025<\/a><\/td>\n<\/tr>\n<tr>\n<td style=\"text-align: center;\"><\/td>\n<td style=\"text-align: center;\"><\/td>\n<td style=\"text-align: center;\"><\/td>\n<td>\n<p style=\"text-align: center;\">Noah Skotte Frydendahl<\/p>\n<p>&nbsp;<\/td>\n<\/tr>\n<tr>\n<td style=\"text-align: center;\" width=\"172\"><a href=\"https:\/\/turnering.skak.dk\/TournamentActive\/Details?tourId=29015\">2024<\/a><\/td>\n<td style=\"text-align: center;\" width=\"194\"><a href=\"https:\/\/turnering.skak.dk\/TournamentActive\/Details?tourId=28314\">2023<\/a><\/td>\n<td style=\"text-align: center;\" width=\"175\"><a href=\"https:\/\/turnering.skak.dk\/TournamentActive\/Details?tourId=27612\">2022<\/a><\/td>\n<td style=\"text-align: center;\" width=\"196\"><a href=\"https:\/\/turnering.skak.dk\/TournamentActive\/Details?tourId=26918\">2021<\/a><\/td>\n<\/tr>\n<tr>\n<td style=\"text-align: center;\">Villads Sandmann<\/td>\n<td style=\"text-align: center;\">Villads Sandmann<\/td>\n<td style=\"text-align: center;\">Jannik B. Skow<\/td>\n<td>\n<p style=\"text-align: center;\">Mikkel L\u00f8ftgaard<\/p>\n<p>&nbsp;<\/td>\n<\/tr>\n<tr>\n<td style=\"text-align: center;\" width=\"172\"><a href=\"https:\/\/turnering.skak.dk\/TournamentActive\/Details?tourId=26516\">2020<\/a><\/td>\n<td style=\"text-align: center;\" width=\"194\"><a href=\"https:\/\/turnering.skak.dk\/TournamentActive\/Details?tourId=25984\">2019<\/a><\/td>\n<td style=\"text-align: center;\" width=\"175\"><a href=\"http:\/\/turnering.skak.dk\/TournamentActive\/Details?tourId=25221\">2018<\/a><\/td>\n<td style=\"text-align: center;\" width=\"196\"><a href=\"http:\/\/turnering.skak.dk\/TournamentActive\/Details?tourId=24389\">2017<\/a><\/td>\n<\/tr>\n<tr>\n<td style=\"text-align: center;\">Jesper Knudsen<\/td>\n<td style=\"text-align: center;\">Mads B. Svendsen<\/td>\n<td style=\"text-align: center;\">J\u00f8rn Moestrup<\/td>\n<td>\n<p style=\"text-align: center;\">J\u00f8rn Moestrup<\/p>\n<p>&nbsp;<\/td>\n<\/tr>\n<tr>\n<td style=\"text-align: center;\" width=\"172\"><a href=\"http:\/\/www.lfskak.dk\/scriptsmm\/klubmesterskab\/klubmester2016\/TabelforKlub16.php\">2016<\/a><\/td>\n<td style=\"text-align: center;\" width=\"194\"><a href=\"http:\/\/www.lfskak.dk\/turnering\/klub\/klub_2015.html\">2015<\/a><\/td>\n<td style=\"text-align: center;\" width=\"175\"><a href=\"http:\/\/www.lfskak.dk\/turnering\/klub\/klub_2014.html\">2014<\/a><\/td>\n<td style=\"text-align: center;\" width=\"196\"><a href=\"http:\/\/www.lfskak.dk\/turnering\/klub\/klub_2013_efteraar.html\">2013-14<\/a><\/td>\n<\/tr>\n<tr>\n<td style=\"text-align: center;\" width=\"172\">Lars Munk Jensen<\/td>\n<td style=\"text-align: center;\" width=\"194\">Jesper Knudsen<\/td>\n<td style=\"text-align: center;\" width=\"175\">Jesper Knudsen<\/td>\n<td width=\"196\">\n<p style=\"text-align: center;\">Ren\u00e9 Rauer Hansen<\/p>\n<p>&nbsp;<\/td>\n<\/tr>\n<tr>\n<td style=\"text-align: center;\" width=\"172\"><a href=\"http:\/\/www.lfskak.dk\/turnering\/klub\/klub_2013_foraar.html\">2012-13<\/a><\/td>\n<td style=\"text-align: center;\" width=\"194\"><a href=\"http:\/\/www.lfskak.dk\/turnering\/klub\/klub_2012_foraar.htm\">2011-2012<\/a><\/td>\n<td style=\"text-align: center;\" width=\"175\"><a href=\"http:\/\/www.lfskak.dk\/turnering\/klub\/klubmestre\/klubmester2011.htm\">2010-2011<\/a><\/td>\n<td style=\"text-align: center;\" width=\"196\"><a href=\"http:\/\/www.lfskak.dk\/turnering\/klub\/klubmestre\/klubmester2010.htm\">2009-2010<\/a><\/td>\n<\/tr>\n<tr>\n<td style=\"text-align: center;\" width=\"172\">Lars Munk Jensen<\/td>\n<td style=\"text-align: center;\" width=\"194\">J\u00f8rn Moestrup<\/td>\n<td style=\"text-align: center;\" width=\"175\">Carsten Bank Friis<\/td>\n<td width=\"196\">\n<p style=\"text-align: center;\">Ren\u00e9 Rauer Hansen<\/p>\n<p>&nbsp;<\/p>\n<p>&nbsp;<\/td>\n<\/tr>\n<tr>\n<td style=\"text-align: center;\" width=\"172\"><a href=\"http:\/\/www.lfskak.dk\/turnering\/klub\/klubmestre\/klubmester2009.htm\">2008-2009<\/a><\/td>\n<td style=\"text-align: center;\" width=\"194\"><a href=\"http:\/\/www.lfskak.dk\/turnering\/klub\/klubmestre\/klubmester2008.htm\">2007-2008<\/a><\/td>\n<td style=\"text-align: center;\" width=\"175\"><a href=\"http:\/\/www.lfskak.dk\/turnering\/klub\/klubmestre\/klubmester2007.htm\">2006-2007<\/a><\/td>\n<td style=\"text-align: center;\" width=\"196\"><a href=\"http:\/\/www.lfskak.dk\/turnering\/klub\/klubmestre\/klubmester2006.htm\">2005-2006<\/a><\/td>\n<\/tr>\n<tr>\n<td style=\"text-align: center;\" width=\"172\">J\u00f8rn Moestrup<\/td>\n<td style=\"text-align: center;\" width=\"194\">Morten Topholm og Jannick Benneth Skow<\/td>\n<td style=\"text-align: center;\" width=\"175\">J\u00f8rn Moestrup<\/td>\n<td width=\"196\">\n<p style=\"text-align: center;\">Morten Topholm<\/p>\n<p>&nbsp;<\/td>\n<\/tr>\n<tr>\n<td style=\"text-align: center;\" width=\"172\"><a href=\"http:\/\/www.lfskak.dk\/turnering\/klub\/klubmestre\/klubmester2005.htm\">2004-2005<\/a><\/td>\n<td style=\"text-align: center;\" width=\"194\"><a href=\"http:\/\/www.lfskak.dk\/turnering\/klub\/klubmestre\/klubmester2004.htm\">2003-2004<\/a><\/td>\n<td style=\"text-align: center;\" width=\"175\"><a href=\"http:\/\/www.lfskak.dk\/turnering\/klub\/klubmestre\/klubmester2003.htm\">2002-2003<\/a><\/td>\n<td style=\"text-align: center;\" width=\"196\"><a href=\"http:\/\/www.lfskak.dk\/turnering\/klub\/klubmestre\/klubmester2002.htm\">2001-2002<\/a><\/td>\n<\/tr>\n<tr>\n<td style=\"text-align: center;\" width=\"172\">Morten Topholm og J\u00f8rn Moestrup<\/td>\n<td style=\"text-align: center;\" width=\"194\">Carsten Bank Friis<\/td>\n<td style=\"text-align: center;\" width=\"175\">Carsten Bank Friis<\/td>\n<td width=\"196\">\n<p style=\"text-align: center;\">Carsten Bank Friis<\/p>\n<p>&nbsp;<\/td>\n<\/tr>\n<tr>\n<td style=\"text-align: center;\" width=\"172\"><a href=\"http:\/\/www.lfskak.dk\/turnering\/klub\/klubmestre\/klubmester2001.htm\">2000-2001<\/a><\/td>\n<td style=\"text-align: center;\" width=\"194\"><a href=\"http:\/\/www.lfskak.dk\/turnering\/klub\/klubmestre\/klubmester2000.htm\">1999-2000<\/a><\/td>\n<td style=\"text-align: center;\" width=\"175\"><a href=\"http:\/\/www.lfskak.dk\/turnering\/klub\/klubmestre\/klubmester1999.htm\">1998-1999<\/a><\/td>\n<td style=\"text-align: center;\" width=\"196\"><a href=\"http:\/\/www.lfskak.dk\/turnering\/klub\/klubmestre\/klubmester1998.htm\">1997-1998<\/a><\/td>\n<\/tr>\n<tr>\n<td style=\"text-align: center;\" width=\"172\">Carsten Bank Friis<\/td>\n<td style=\"text-align: center;\" width=\"194\">Carsten Bank Friis<\/td>\n<td style=\"text-align: center;\" width=\"175\">Carsten Bank Friis<\/td>\n<td width=\"196\">\n<p style=\"text-align: center;\">Carsten Bank Friis<\/p>\n<p>&nbsp;<\/p>\n<p>&nbsp;<\/td>\n<\/tr>\n<tr>\n<td style=\"text-align: center;\" width=\"172\"><a href=\"http:\/\/www.lfskak.dk\/turnering\/klub\/klubmestre\/klubmester1997.htm\">1996-1997<\/a><\/td>\n<td style=\"text-align: center;\" width=\"194\"><a href=\"http:\/\/www.lfskak.dk\/turnering\/klub\/klubmestre\/klubmester1996.htm\">1995-1996<\/a><\/td>\n<td style=\"text-align: center;\" width=\"175\"><a href=\"http:\/\/www.lfskak.dk\/turnering\/klub\/klubmestre\/klubmester1995.htm\">1994-1995<\/a><\/td>\n<td style=\"text-align: center;\" width=\"196\"><a href=\"http:\/\/www.lfskak.dk\/turnering\/klub\/klubmestre\/klubmester1994.htm\">1993-1994<\/a><\/td>\n<\/tr>\n<tr>\n<td style=\"text-align: center;\" width=\"172\">Carsten Bank Friis eller Claus Rossen<\/td>\n<td style=\"text-align: center;\" width=\"194\">Carsten Bank Friis<\/td>\n<td style=\"text-align: center;\" width=\"175\">Carsten Bank Friis<\/td>\n<td width=\"196\">\n<p style=\"text-align: center;\">Niels N\u00f8rskov<\/p>\n<p>&nbsp;<\/p>\n<p>&nbsp;<\/td>\n<\/tr>\n<tr>\n<td style=\"text-align: center;\" width=\"172\"><a href=\"http:\/\/www.lfskak.dk\/turnering\/klub\/klubmestre\/klubmester1993.htm\">1992-1993<\/a><\/td>\n<td style=\"text-align: center;\" width=\"194\"><a href=\"http:\/\/www.lfskak.dk\/turnering\/klub\/klubmestre\/klubmester1992.htm\">1991-1992<\/a><\/td>\n<td style=\"text-align: center;\" width=\"175\"><a href=\"http:\/\/www.lfskak.dk\/turnering\/klub\/klubmestre\/klubmester1991.htm\">1990-1991<\/a><\/td>\n<td style=\"text-align: center;\" width=\"196\"><a href=\"http:\/\/www.lfskak.dk\/turnering\/klub\/klubmestre\/klubmester1990.htm\">1989-1990<\/a><\/td>\n<\/tr>\n<tr>\n<td style=\"text-align: center;\" width=\"172\">Carsten Bank Friis og J\u00f8rn Moestrup<\/td>\n<td style=\"text-align: center;\" width=\"194\">Carsten Bank Friis<\/td>\n<td style=\"text-align: center;\" width=\"175\">Carsten Bank Friis<\/td>\n<td width=\"196\">\n<p style=\"text-align: center;\">Carsten Pedersen<\/p>\n<p>&nbsp;<\/td>\n<\/tr>\n<tr>\n<td style=\"text-align: center;\" width=\"172\"><a href=\"http:\/\/www.lfskak.dk\/turnering\/klub\/klubmestre\/klubmester1989.htm\">1988-1989<\/a><\/td>\n<td style=\"text-align: center;\" width=\"194\"><a href=\"http:\/\/www.lfskak.dk\/turnering\/klub\/klubmestre\/klubmester1988.htm\">1987-1988<\/a><\/td>\n<td style=\"text-align: center;\" width=\"175\"><a href=\"http:\/\/www.lfskak.dk\/turnering\/klub\/klubmestre\/klubmester1987.htm\">1986-1987<\/a><\/td>\n<td style=\"text-align: center;\" width=\"196\"><a href=\"http:\/\/www.lfskak.dk\/turnering\/klub\/klubmestre\/klubmester1986.htm\">1985-1986<\/a><\/td>\n<\/tr>\n<tr>\n<td style=\"text-align: center;\" width=\"172\">Carsten Bank Friis<\/td>\n<td style=\"text-align: center;\" width=\"194\">Per Stentebjerg-Hansen<\/td>\n<td style=\"text-align: center;\" width=\"175\">Carsten Bank Friis<\/td>\n<td width=\"196\">\n<p style=\"text-align: center;\">Mogens Bak<\/p>\n<p>&nbsp;<\/td>\n<\/tr>\n<tr>\n<td style=\"text-align: center;\" width=\"172\"><a href=\"http:\/\/www.lfskak.dk\/turnering\/klub\/klubmestre\/klubmester1985.htm\">1984-1985<\/a><\/td>\n<td style=\"text-align: center;\" width=\"194\"><a href=\"http:\/\/www.lfskak.dk\/turnering\/klub\/klubmestre\/klubmester1984.htm\">1983-1984<\/a><\/td>\n<td style=\"text-align: center;\" width=\"175\"><a href=\"http:\/\/www.lfskak.dk\/turnering\/klub\/klubmestre\/klubmester1983.htm\">1982-1983<\/a><\/td>\n<td style=\"text-align: center;\" width=\"196\"><a href=\"http:\/\/www.lfskak.dk\/turnering\/klub\/klubmestre\/klubmester1982.htm\">1981-1982<\/a><\/td>\n<\/tr>\n<tr>\n<td style=\"text-align: center;\" width=\"172\">Carsten Bank Friis<\/td>\n<td style=\"text-align: center;\" width=\"194\">Carsten Bank Friis<\/td>\n<td style=\"text-align: center;\" width=\"175\">Mogens Bak<\/td>\n<td width=\"196\">\n<p style=\"text-align: center;\">Mogens Bak<\/p>\n<p>&nbsp;<\/td>\n<\/tr>\n<tr>\n<td style=\"text-align: center;\" width=\"172\"><a href=\"http:\/\/www.lfskak.dk\/turnering\/klub\/klubmestre\/klubmester1981.htm\">1980-1981<\/a><\/td>\n<td style=\"text-align: center;\" width=\"194\"><a href=\"http:\/\/www.lfskak.dk\/turnering\/klub\/klubmestre\/klubmester1980.htm\">1979-1980<\/a><\/td>\n<td style=\"text-align: center;\" width=\"175\"><a href=\"http:\/\/www.lfskak.dk\/turnering\/klub\/klubmestre\/klubmester1979.htm\">1978-1979<\/a><\/td>\n<td style=\"text-align: center;\" width=\"196\"><a href=\"http:\/\/www.lfskak.dk\/turnering\/klub\/klubmestre\/klubmester1978.htm\">1977-1978<\/a><\/td>\n<\/tr>\n<tr>\n<td style=\"text-align: center;\" width=\"172\">Carsten Bank Friis<\/td>\n<td style=\"text-align: center;\" width=\"194\">J\u00f8rgen Kvisth\u00f8j<\/td>\n<td style=\"text-align: center;\" width=\"175\">S\u00f8ren Asger Pedersen<\/td>\n<td width=\"196\">\n<p style=\"text-align: center;\">Kurt Ploug<\/p>\n<p>&nbsp;<\/td>\n<\/tr>\n<tr>\n<td style=\"text-align: center;\" width=\"172\"><a href=\"http:\/\/www.lfskak.dk\/turnering\/klub\/klubmestre\/klubmester1977.htm\">1976-1977<\/a><\/td>\n<td style=\"text-align: center;\" width=\"194\"><a href=\"http:\/\/www.lfskak.dk\/turnering\/klub\/klubmestre\/klubmester1976.htm\">1975-1976<\/a><\/td>\n<td style=\"text-align: center;\" width=\"175\">1974-1975<\/td>\n<td style=\"text-align: center;\" width=\"175\">1973-1974<\/td>\n<\/tr>\n<tr>\n<td style=\"text-align: center;\" width=\"172\">Gert M\u00f8ller Pedersen<\/td>\n<td style=\"text-align: center;\" width=\"194\">Torben Rasmussen<\/td>\n<td style=\"text-align: center;\" width=\"175\">Helge Sundsted<\/td>\n<td width=\"196\">\n<p style=\"text-align: center;\">Kurt Ploug<\/p>\n<p>&nbsp;<\/td>\n<\/tr>\n<tr>\n<td style=\"text-align: center;\" width=\"175\">1972-1973<\/td>\n<td style=\"text-align: center;\" width=\"175\">1971-1972<\/td>\n<td style=\"text-align: center;\" width=\"175\">1970-1971<\/td>\n<td style=\"text-align: center;\" width=\"175\">1969-1970<\/td>\n<\/tr>\n<tr>\n<td style=\"text-align: center;\" width=\"172\">Jes Winther<\/td>\n<td style=\"text-align: center;\" width=\"194\">Kurt Ploug<\/td>\n<td style=\"text-align: center;\" width=\"175\">S\u00f8ren Larsen<\/td>\n<td width=\"196\">\n<p style=\"text-align: center;\">G. Larusson<\/p>\n<p>&nbsp;<\/td>\n<\/tr>\n<tr>\n<td style=\"text-align: center;\" width=\"175\">1968-1969<\/td>\n<td style=\"text-align: center;\" width=\"175\">1967-1968<\/td>\n<td style=\"text-align: center;\" width=\"175\">1966-1967<\/td>\n<td style=\"text-align: center;\" width=\"175\">1965-1966<\/td>\n<\/tr>\n<tr>\n<td style=\"text-align: center;\" width=\"172\">Helge Sundsted<\/td>\n<td style=\"text-align: center;\" width=\"194\">Helge Sundsted<\/td>\n<td style=\"text-align: center;\" width=\"175\">Carlo Jensen<\/td>\n<td width=\"196\">\n<p style=\"text-align: center;\">Axel Nielsen<\/p>\n<p>&nbsp;<\/td>\n<\/tr>\n<tr>\n<td style=\"text-align: center;\" width=\"175\">1964-1965<\/td>\n<td style=\"text-align: center;\" width=\"175\">1963-1964<\/td>\n<td style=\"text-align: center;\" width=\"175\">1962-1963<\/td>\n<td style=\"text-align: center;\" width=\"175\">1961-1962<\/td>\n<\/tr>\n<tr>\n<td style=\"text-align: center;\" width=\"172\">Kurt Ploug<\/td>\n<td><\/td>\n<td><\/td>\n<td><\/td>\n<\/tr>\n<\/tbody>\n<\/table>\n","protected":false},"excerpt":{"rendered":"<p>Vinderne af klubturneringen 1975 &#8211; 2025 &nbsp; &nbsp; 2025 Noah Skotte Frydendahl &nbsp; 2024 2023 2022 2021 Villads Sandmann Villads Sandmann Jannik B. Skow Mikkel L\u00f8ftgaard &nbsp; 2020 2019 2018 2017 Jesper Knudsen Mads B. Svendsen J\u00f8rn Moestrup J\u00f8rn Moestrup &nbsp; 2016 2015 2014 2013-14 Lars Munk Jensen Jesper Knudsen Jesper Knudsen Ren\u00e9 Rauer Hansen [&hellip;]<\/p>\n","protected":false},"author":5,"featured_media":0,"parent":0,"menu_order":0,"comment_status":"closed","ping_status":"closed","template":"","meta":{"_mc_calendar":[],"footnotes":""},"class_list":["post-1045","page","type-page","status-publish","hentry"],"_links":{"self":[{"href":"https:\/\/lfskak.dk\/lfskakbeta\/wp-json\/wp\/v2\/pages\/1045","targetHints":{"allow":["GET"]}}],"collection":[{"href":"https:\/\/lfskak.dk\/lfskakbeta\/wp-json\/wp\/v2\/pages"}],"about":[{"href":"https:\/\/lfskak.dk\/lfskakbeta\/wp-json\/wp\/v2\/types\/page"}],"author":[{"embeddable":true,"href":"https:\/\/lfskak.dk\/lfskakbeta\/wp-json\/wp\/v2\/users\/5"}],"replies":[{"embeddable":true,"href":"https:\/\/lfskak.dk\/lfskakbeta\/wp-json\/wp\/v2\/comments?post=1045"}],"version-history":[{"count":18,"href":"https:\/\/lfskak.dk\/lfskakbeta\/wp-json\/wp\/v2\/pages\/1045\/revisions"}],"predecessor-version":[{"id":1904,"href":"https:\/\/lfskak.dk\/lfskakbeta\/wp-json\/wp\/v2\/pages\/1045\/revisions\/1904"}],"wp:attachment":[{"href":"https:\/\/lfskak.dk\/lfskakbeta\/wp-json\/wp\/v2\/media?parent=1045"}],"curies":[{"name":"wp","href":"https:\/\/api.w.org\/{rel}","templated":true}]}}