{"id":108,"date":"2019-12-26T13:53:36","date_gmt":"2019-12-26T12:53:36","guid":{"rendered":"http:\/\/localhost\/wordpress\/?page_id=108"},"modified":"2019-12-27T10:35:25","modified_gmt":"2019-12-27T09:35:25","slug":"ok","status":"publish","type":"page","link":"https:\/\/lfskak.dk\/lfskakbeta\/ok\/","title":{"rendered":"OK"},"content":{"rendered":"<h1><img loading=\"lazy\" decoding=\"async\" class=\"alignleft wp-image-102 size-large\" src=\"http:\/\/localhost\/wordpress\/wp-content\/uploads\/2019\/12\/728x90-Banner-benzinkort-el-og-mobil-1024x127.png\" alt=\"\" width=\"1024\" height=\"127\" srcset=\"https:\/\/lfskak.dk\/lfskakbeta\/wp-content\/uploads\/2019\/12\/728x90-Banner-benzinkort-el-og-mobil-1024x127.png 1024w, https:\/\/lfskak.dk\/lfskakbeta\/wp-content\/uploads\/2019\/12\/728x90-Banner-benzinkort-el-og-mobil-300x37.png 300w, https:\/\/lfskak.dk\/lfskakbeta\/wp-content\/uploads\/2019\/12\/728x90-Banner-benzinkort-el-og-mobil-768x95.png 768w, https:\/\/lfskak.dk\/lfskakbeta\/wp-content\/uploads\/2019\/12\/728x90-Banner-benzinkort-el-og-mobil-375x46.png 375w\" sizes=\"auto, (max-width: 1024px) 100vw, 1024px\" \/><\/h1>\n<h1><\/h1>\n<h1><\/h1>\n<h1><\/h1>\n<p>&nbsp;<\/p>\n<h3><\/h3>\n<h3><\/h3>\n<p><strong>St\u00f8t <\/strong>L\u00e6seforeningens Skakklub<strong>, hver gang du tanker<\/strong><\/p>\n<p>Vi har indg\u00e5et en sponsoraftale med OK, s\u00e5 du kan st\u00f8tte L\u00e6seforeningens Skakklub, hver gang du tanker.<\/p>\n<p>&nbsp;<\/p>\n<p>Du st\u00f8tter L\u00e6seforeningens Skakklub med 5 \u00f8re for hver liter, du tanker uanset om du bestiller et OK Benzinkortet eller betaler med dit Dankort i OK\u2019s tank &amp; betal-app. Og st\u00f8tten g\u00e5r til klubben uanset hvor du tanker i Danmark. F\u00f8rste gang du har tanket 500 liter, f\u00e5r L\u00e6seforeningens Skakklub desuden en ekstra bonus p\u00e5 200 kr. Det koster dig ikke ekstra at st\u00f8tte \u2013 OK betaler hele bel\u00f8bet.<\/p>\n<p>&nbsp;<\/p>\n<p>F\u00e5 et OK Benzinkort p\u00e5 <a href=\"http:\/\/www.ok.dk\/lokalsporten\">www.ok.dk\/lokalsporten<\/a>.<\/p>\n<p>&nbsp;<\/p>\n<p>F\u00e5 OK\u2019s tank &amp; betal app i App Store eller Google Play<\/p>\n<p>&nbsp;<\/p>\n<p><strong>Har du allerede et OK Benzinkort?<\/strong><\/p>\n<p>Har du et OK Benzinkort i forvejen, kan du nemt f\u00e5 det tilknyttet L\u00e6seforeningens Skakklub. Du skal bare ringe til OK p\u00e5 70 10 20 33 og oplyse at du \u00f8nsker at st\u00f8tte L\u00e6seforeningens Skakklub (sponsornummer <strong>782299<\/strong>) og dit kortnummer, s\u00e5 st\u00f8tter du L\u00e6seforeningens Skakklub.<\/p>\n<p>&nbsp;<\/p>\n<p>Hvis du bruger OK\u2019s App er det ogs\u00e5 nemt at tilf\u00f8je L\u00e6seforeningens Skakklub til dit OK-kort via den.<\/p>\n<p>&nbsp;<\/p>\n<p><strong><em>St\u00f8t L\u00e6seforeningens Skakklub ekstra meget:<\/em><\/strong><\/p>\n<p>&nbsp;<\/p>\n<p><strong>St\u00f8t ekstra med el fra OK<\/strong><\/p>\n<p>Med el fra OK kan du st\u00f8tte med ekstra 5 \u00f8re pr. liter. Og det er nemmere, end du tror. Du skal bare v\u00e6lge imellem el til fastpris eller variabelpris p\u00e5 <a href=\"http:\/\/www.ok.dk\/lokalsporten\/el\">www.ok.dk\/lokalsporten\/el<\/a>, s\u00e5 klarer OK hele skiftet fra det gamle elselskab til OK.<\/p>\n<p>&nbsp;<\/p>\n<p><strong>St\u00f8t ekstra med OK Mobil<\/strong><\/p>\n<p>Du kan st\u00f8tte med ekstra 5 \u00f8re pr. abonnement, hver gang du tanker en liter. Du kan frit v\u00e6lge den OK Mobilpakke, der passer dig og din familie bedst (dog ikke OK Mobil Basis). Du forh\u00f8jer din st\u00f8tte til vores klub p\u00e5 <a href=\"http:\/\/www.ok.dk\/lokalsporten\/mobil\">www.ok.dk\/lokalsporten\/mobil<\/a>.<\/p>\n<p>&nbsp;<\/p>\n<p><strong>Vil du vide mere? <\/strong><\/p>\n<p>Har du sp\u00f8rgsm\u00e5l, er du velkommen til at kontakte Ruben Jepsen p\u00e5 r-jepsen@hotmail.com<\/p>\n","protected":false},"excerpt":{"rendered":"<p>&nbsp; St\u00f8t L\u00e6seforeningens Skakklub, hver gang du tanker Vi har indg\u00e5et en sponsoraftale med OK, s\u00e5 du kan st\u00f8tte L\u00e6seforeningens Skakklub, hver gang du tanker. &nbsp; Du st\u00f8tter L\u00e6seforeningens Skakklub med 5 \u00f8re for hver liter, du tanker uanset om du bestiller et OK Benzinkortet eller betaler med dit Dankort i OK\u2019s tank &amp; betal-app. [&hellip;]<\/p>\n","protected":false},"author":1,"featured_media":0,"parent":0,"menu_order":0,"comment_status":"closed","ping_status":"closed","template":"","meta":{"_mc_calendar":[],"footnotes":""},"class_list":["post-108","page","type-page","status-publish","hentry"],"_links":{"self":[{"href":"https:\/\/lfskak.dk\/lfskakbeta\/wp-json\/wp\/v2\/pages\/108","targetHints":{"allow":["GET"]}}],"collection":[{"href":"https:\/\/lfskak.dk\/lfskakbeta\/wp-json\/wp\/v2\/pages"}],"about":[{"href":"https:\/\/lfskak.dk\/lfskakbeta\/wp-json\/wp\/v2\/types\/page"}],"author":[{"embeddable":true,"href":"https:\/\/lfskak.dk\/lfskakbeta\/wp-json\/wp\/v2\/users\/1"}],"replies":[{"embeddable":true,"href":"https:\/\/lfskak.dk\/lfskakbeta\/wp-json\/wp\/v2\/comments?post=108"}],"version-history":[{"count":13,"href":"https:\/\/lfskak.dk\/lfskakbeta\/wp-json\/wp\/v2\/pages\/108\/revisions"}],"predecessor-version":[{"id":142,"href":"https:\/\/lfskak.dk\/lfskakbeta\/wp-json\/wp\/v2\/pages\/108\/revisions\/142"}],"wp:attachment":[{"href":"https:\/\/lfskak.dk\/lfskakbeta\/wp-json\/wp\/v2\/media?parent=108"}],"curies":[{"name":"wp","href":"https:\/\/api.w.org\/{rel}","templated":true}]}}