{"id":204,"date":"2020-04-13T09:30:29","date_gmt":"2020-04-13T07:30:29","guid":{"rendered":"http:\/\/localhost\/wordpress\/?page_id=204"},"modified":"2024-10-04T12:35:28","modified_gmt":"2024-10-04T10:35:28","slug":"kontingent","status":"publish","type":"page","link":"https:\/\/lfskak.dk\/lfskakbeta\/kontingent\/","title":{"rendered":"Kontingent"},"content":{"rendered":"<h2 style=\"line-height: 100%;\"><span style=\"font-size: medium;\">Kontingent pr. halv\u00e5r (g\u00e6ldende fra primo 2021):<\/span><\/h2>\n<p>(<span style=\"color: red; font-size: small;\">NB<\/span>: man kan ikke v\u00e6re B-medlem som barn\/junior, kun A-medlem).<\/p>\n<p>&nbsp;<\/p>\n<table border=\"0\">\n<tbody>\n<tr>\n<td><u>A-medlemmer (ikke medlem i andre skakklubber)<\/u><\/td>\n<td><\/td>\n<\/tr>\n<tr>\n<td>Seniorer (herunder efterl\u00f8nsmodtagere)<\/td>\n<td>kr. 550,-<\/td>\n<\/tr>\n<tr>\n<td>F\u00f8rtids- og folkepensionister<\/td>\n<td>kr. 400,-<\/td>\n<\/tr>\n<tr>\n<td>Juniorer (12 &#8211; 20 \u00e5r)<\/td>\n<td>kr. 550,-<\/td>\n<\/tr>\n<tr>\n<td>B\u00f8rn (under 12 \u00e5r)<\/td>\n<td>kr. 450,-<\/td>\n<\/tr>\n<tr>\n<td><u>B-medlemmer (for A-medlem i anden klub)<\/u><\/td>\n<td>kr. 125,-<\/td>\n<\/tr>\n<tr>\n<td><u>Passive medlemmer<\/u><\/td>\n<td>kr. 400,-<\/td>\n<\/tr>\n<\/tbody>\n<\/table>\n<p>&nbsp;<\/p>\n<p><span style=\"font-size: medium;\">Spiller du allerede i en anden klub, men har lyst til at komme hos os, hvor du kan<br \/>\nspille med i interne turneringer, s\u00e5 kan du blive B-medlem for 125,- pr. \u00e5r. (Kun A-medlemmer kan<br \/>\ndeltage i DSU&#8217;s og FSU&#8217;s officielle holdturneringer, og kun A-medlemmer kan blive klubmester.)<\/span><\/p>\n<hr \/>\n<p><span style=\"font-size: medium;\">Kontingent kan betales til kasserer Kristen S\u00f8rensen p\u00e5 en klubaften eller<br \/>\nindbetales p\u00e5 klubbens konto i Danske Bank:<\/span><\/p>\n<p>&nbsp;<\/p>\n<p><span style=\"font-size: medium;\"><i>Kontonummer: <\/i><i>1551 &#8211; 8224862\u00a0\u00a0<\/i><u><br \/>\n<\/u><\/span><\/p>\n<p>&nbsp;<\/p>\n<p><em>MobilePay nr. 111598<\/em><\/p>\n<hr \/>\n<p><u><span style=\"font-size: medium;\">Hvad f\u00e5r jeg for mit kontingent?<\/span><\/u><\/p>\n<p>&nbsp;<\/p>\n<ul>\n<li><span style=\"font-size: medium;\">Godt kammeratskab!<\/span><\/li>\n<li><span style=\"font-size: medium;\">Medlemskab af klubben!<\/span><\/li>\n<li><span style=\"font-size: medium;\">Medlemskab af Dansk Skak Union<\/span><\/li>\n<li><span style=\"font-size: medium;\">Skakbladet &#8211; Dansk Skak Unions medlemsblad (6 numre pr. \u00e5r)<\/span><\/li>\n<li><span style=\"font-size: medium;\">Gratis transport til holdkampe<\/span><\/li>\n<li><span style=\"font-size: medium;\">Mulighed for at deltage i koordinerde turneringer<\/span><\/li>\n<li><span style=\"font-size: medium;\">Mulighed for at deltage i korrespondanceskak<\/span><\/li>\n<li><span style=\"font-size: medium;\">Du skal ikke selv medbringe spil og ure<\/span><\/li>\n<li><span style=\"font-size: medium;\">Der skal ikke investeres i specielt t\u00f8j eller sko!<\/span><\/li>\n<\/ul>\n","protected":false},"excerpt":{"rendered":"<p>Kontingent pr. halv\u00e5r (g\u00e6ldende fra primo 2021): (NB: man kan ikke v\u00e6re B-medlem som barn\/junior, kun A-medlem). &nbsp; A-medlemmer (ikke medlem i andre skakklubber) Seniorer (herunder efterl\u00f8nsmodtagere) kr. 550,- F\u00f8rtids- og folkepensionister kr. 400,- Juniorer (12 &#8211; 20 \u00e5r) kr. 550,- B\u00f8rn (under 12 \u00e5r) kr. 450,- B-medlemmer (for A-medlem i anden klub) kr. 125,- [&hellip;]<\/p>\n","protected":false},"author":1,"featured_media":0,"parent":0,"menu_order":0,"comment_status":"closed","ping_status":"closed","template":"","meta":{"_mc_calendar":[],"footnotes":""},"class_list":["post-204","page","type-page","status-publish","hentry"],"_links":{"self":[{"href":"https:\/\/lfskak.dk\/lfskakbeta\/wp-json\/wp\/v2\/pages\/204","targetHints":{"allow":["GET"]}}],"collection":[{"href":"https:\/\/lfskak.dk\/lfskakbeta\/wp-json\/wp\/v2\/pages"}],"about":[{"href":"https:\/\/lfskak.dk\/lfskakbeta\/wp-json\/wp\/v2\/types\/page"}],"author":[{"embeddable":true,"href":"https:\/\/lfskak.dk\/lfskakbeta\/wp-json\/wp\/v2\/users\/1"}],"replies":[{"embeddable":true,"href":"https:\/\/lfskak.dk\/lfskakbeta\/wp-json\/wp\/v2\/comments?post=204"}],"version-history":[{"count":11,"href":"https:\/\/lfskak.dk\/lfskakbeta\/wp-json\/wp\/v2\/pages\/204\/revisions"}],"predecessor-version":[{"id":1709,"href":"https:\/\/lfskak.dk\/lfskakbeta\/wp-json\/wp\/v2\/pages\/204\/revisions\/1709"}],"wp:attachment":[{"href":"https:\/\/lfskak.dk\/lfskakbeta\/wp-json\/wp\/v2\/media?parent=204"}],"curies":[{"name":"wp","href":"https:\/\/api.w.org\/{rel}","templated":true}]}}