{"id":212,"date":"2020-04-13T09:41:28","date_gmt":"2020-04-13T07:41:28","guid":{"rendered":"http:\/\/localhost\/wordpress\/?page_id=212"},"modified":"2025-06-10T21:19:05","modified_gmt":"2025-06-10T19:19:05","slug":"vedtaegter","status":"publish","type":"page","link":"https:\/\/lfskak.dk\/lfskakbeta\/vedtaegter\/","title":{"rendered":"Vedt\u00e6gter"},"content":{"rendered":"<div id=\"output\" class=\"w-full hidden lg:flex lg:w-1\/2 min-h-full overflow-hidden relative\" data-v-5b223386=\"\">\n<div class=\"flex flex-col w-full h-full overflow-scroll\" data-v-5b223386=\"\">\n<div class=\"markdown-body p-10 flex-grow\" data-v-5b223386=\"\">\n<h1 id=\"vedt\u00e6fter-for-l\u00e6seforeningens-skaklub\">Vedt\u00e6fter for L\u00e6seforeningens Skaklub<\/h1>\n<p>&nbsp;<\/p>\n<h2 id=\"\u00a7-1-foreningens-navn-og-hjemsted\">\u00a7 1. Foreningens navn og hjemsted<\/h2>\n<p>Foreningens navn er L\u00e6seforeningens Skakklub, og er hjemmeh\u00f8rende i Odense.<\/p>\n<p>Foreningens adresse er formandens adresse.<\/p>\n<p>&nbsp;<\/p>\n<h2 id=\"\u00a7-2-foreningens-form\u00e5l\">\u00a7 2. Foreningens form\u00e5l<\/h2>\n<p>L\u00e6seforeningens Skakklubs form\u00e5l er at virke for skakspillets udbredelse i Odense Kommune, at \u00f8ge spillestyrken hos foreningens medlemmer og at skabe f\u00e6llesskab og kammeratskab blandt disse.<\/p>\n<p>Foreningsarbejdet skal give b\u00f8rn og unge under 25 \u00e5r mulighed for virksomhed og kammeratligt samv\u00e6r med j\u00e6vnaldrende i deres fritid, og skal ligeledes give folkepensionister, f\u00f8rtidspensionister og efterl\u00f8nsmodtagere mulighed for at spille skak.<\/p>\n<p>&nbsp;<\/p>\n<h2 id=\"\u00a7-3-virkemidler\">\u00a7 3. Virkemidler<\/h2>\n<p>Til fremme af ovenn\u00e6vnte form\u00e5l skal bestyrelsen arrangere turneringer, der er \u00e5bne for alle klubbens medlemmer. Desuden kan der arrangeres turneringer, der er \u00e5bne for ikke-klubmedlemmer.<\/p>\n<p>I divisions-, hovedkreds- og pokalturneringer deltager foreningen med s\u00e5 mange hold, som praktisk mulig.<\/p>\n<p>Foreningen kan opmuntre og yde tilskud til deltagelse i skakarrangementer samt i kursus for ledere og turneringsledere. P\u00e5 de vedtagne klubaftener spilles hovedsageligt skak, men der m\u00e5 ogs\u00e5 afholdes andre aktiviteter, som gavner klubben.<\/p>\n<p>&nbsp;<\/p>\n<h2 id=\"\u00a7-4-medlemskab-af-sammenslutninger\">\u00a7 4. Medlemskab af sammenslutninger<\/h2>\n<p>Foreningen skal v\u00e6re medlem af Dansk Skak Union og Fynsk Skak Union.<\/p>\n<p>&nbsp;<\/p>\n<h2 id=\"\u00a7-5-optagelse-af-medlemmer\">\u00a7 5. Optagelse af medlemmer<\/h2>\n<p>Som medlem af L\u00e6seforeningens Skakklub kan optages enhver, der \u00f8nsker at spille skak. For ikke-myndige skal indmeldelsen bekr\u00e6ftes ved v\u00e6rgens underskrift.<\/p>\n<p>Indmeldelsen sker ved henvendelse til kassereren, der registrerer navn, adresse og f\u00f8dselsdato. Udmeldelse sker ligeledes ved kassereren, 01.01-30.06 eller 01.07-31.12 halv\u00e5r med mindst 1 m\u00e5neds varsel, dvs. senest 31. maj eller 30. november for at v\u00e6re g\u00e6ldende det f\u00f8lgende halv\u00e5r. Et medlem er selv ansvarlig for at melde \u00e6ndringer i adressen eller telefonnummer til kassereren.<\/p>\n<h4 id=\"stk-1\">Stk. 1.<\/h4>\n<p>\u00d8nske om passivt medlemskab for et allerede aktivt medlem skal ske ved henvendelse til kassereren senest den 30. november for medlemskab i f\u00f8rste halv\u00e5r og 31. maj for medlemskab for andet halv\u00e5r. Ved deltagelse i en turnering i klub- eller DSU-regi genaktiveres medlemskabet.<\/p>\n<p>Et passivt medlem har stemmeret p\u00e5 klubbens generalforsamling og modtager klubbladet. Som passivt medlem m\u00e5 man i meget begr\u00e6nset omfang bes\u00f8ge klubben p\u00e5 klubaftner.<\/p>\n<p>&nbsp;<\/p>\n<h2 id=\"\u00a7-6-kontingent\">\u00a7 6. Kontingent<\/h2>\n<p>Foreningens kontingent fasts\u00e6ttes for et \u00e5r af gangen p\u00e5 den ordin\u00e6re generalforsamling. Kontingentet opkr\u00e6ves af kassereren to gange om \u00e5ret i henholdsvis januar og juli. Er betalingen ikke registreret to uger efter sidste indbetalingsdato, sendes et rykkerbrev med et gebyr p\u00e5 kr. 50,-. Kontingentrestance medf\u00f8rer, at personen slettes som medlem og sp\u00e6rres hos DSU, dog kun efter forudg\u00e5ende p\u00e5mindelse fra kassereren, samt vedtaget bestyrelsesbeslutning i hvert enkelt tilf\u00e6lde. Ved indmeldelse 01.04 eller 01.10 betales et kvartal frem, hvorefter de s\u00e6dvanlige terminer f\u00f8lges.<\/p>\n<p>&nbsp;<\/p>\n<h2 id=\"\u00a7-7-ordin\u00e6r-generalforsamling\">\u00a7 7. Ordin\u00e6r generalforsamling<\/h2>\n<p>Den ordin\u00e6re generalforsamling afholdes hvert \u00e5r i 2. kvartal og indkaldes af bestyrelsen med mindst 3 ugers varsel samtidig med, at dagsordenen bekendtg\u00f8res. Forslag, der \u00f8nskes behandlet p\u00e5 generalforsamlingen, skal v\u00e6re bestyrelsen i h\u00e6nde senest 14 dage f\u00f8r generalforsamlingens afholdelse. Stemmeret p\u00e5 generalforsamlingen har samtlige foreningens medlemmer, som er over eller bliver 15 \u00e5r i indev\u00e6rende kalender\u00e5r.<\/p>\n<p>Generalforsamlingen har den h\u00f8jeste myndighed i alle foreningens anliggender. P\u00e5 den ordin\u00e6re generalforsamling afl\u00e6gger formanden beretning for det forl\u00f8bne \u00e5r og kassereren forel\u00e6gger beretning for det forl\u00f8bne \u00e5r og n\u00e6ste \u00e5rs budget. Desuden foretages valg, tr\u00e6ffes bestemmelse om s\u00e5vel spillested som \u2013tid samt kontingent og behandles sp\u00f8rgsm\u00e5l, som er af almindelig interesse for foreningen, herunder eventuelt indkomne forslag under det punkt.<\/p>\n<p>&nbsp;<\/p>\n<h2 id=\"\u00a7-8-dagsorden\">\u00a7 8. Dagsorden<\/h2>\n<p>Dagsorden for den ordin\u00e6re generalforsamling skal omfatte:<\/p>\n<ul>\n<li>Valg af dirigent.<\/li>\n<li>Formandens beretning.<\/li>\n<li>Forel\u00e6ggelse af regnskabet til godkendelse og af n\u00e6ste \u00e5rs budget.<\/li>\n<li>Behandling af eventuelt indkomne forslag.<\/li>\n<li>Fasts\u00e6ttelse af kontingent.<\/li>\n<li>Valg af:\n<ul>\n<li>Formand og \u00e9t bestyrelsesmedlem (lige \u00e5r).<\/li>\n<li>Kasserer og to bestyrelsesmedlemmer (ulige \u00e5r).<\/li>\n<li>2 bestyrelsessuppleanter.<\/li>\n<li>2 revisorer.<\/li>\n<li>1 revisorsuppleant<\/li>\n<\/ul>\n<\/li>\n<li>Eventuelt<\/li>\n<\/ul>\n<p>Dagsordenen kan suppleres med punkter om emner, som efter bestyrelsens sk\u00f8n eller efter \u00f8nske fra en forslagsstiller, kr\u00e6ver en speciel behandling.<\/p>\n<p>&nbsp;<\/p>\n<h2 id=\"\u00a7-9-generalforsamlingens-ledelse\">\u00a7 9. Generalforsamlingens ledelse<\/h2>\n<p>Generalforsamlingen v\u00e6lger en dirigent til at lede forhandlingerne. Generalforsamlingens beslutninger indf\u00f8res i en protokol, hvor ogs\u00e5 referat af forhandlinger optages i det omfang, dirigenten bestemmer. Generalforsamlingen tr\u00e6ffer beslutninger ved almindelig stemmelighed; \u00f8nskes der skriftlig afstemning, skal dirigenten im\u00f8dekomme dette.<\/p>\n<p>&nbsp;<\/p>\n<h2 id=\"\u00a7-10-ekstraordin\u00e6r-generalforsamling\">\u00a7 10. Ekstraordin\u00e6r generalforsamling.<\/h2>\n<p>Ekstraordin\u00e6r generalforsamling kan til enhver tid indkaldes af bestyrelsen, og skal indkaldes, n\u00e5r mindst 10 medlemmer skriftligt stiller krav herom. Indkaldelsesproceduren er den samme som ved den ordin\u00e6re generalforsamling.<\/p>\n<p>&nbsp;<\/p>\n<h2 id=\"\u00a7-11-bestyrelsen\">\u00a7 11. Bestyrelsen<\/h2>\n<p>Bestyrelsen er L\u00e6seforeningens Skakklubs daglige ledelse og repr\u00e6senterer foreningen i alle forhold. Under ansvar for generalforsamlingen disponerer den til foreningens bedste og form\u00e5lets fremme. Foreningen tegnes af formanden og ved \u00f8konomiske dispositioner af s\u00e5vel formand og kasserer. Det er kassererens ansvar at udf\u00e6rdige et revisorgodkendt \u00e5rsregnskab.<\/p>\n<p>Bestyrelsesmedlemmer v\u00e6lges for 2 \u00e5r ad gangen. Formanden og \u00e9t bestyrelsesmedlem v\u00e6lges i lige \u00e5r. Kassereren og to bestyrelsesmedlemmer v\u00e6lges i ulige \u00e5r. Formanden og kassereren v\u00e6lges af generalforsamlingen. Bestyrelsen afholder et konstituerende bestyrelsesm\u00f8de i forl\u00e6ngelse af generalforsamlingen, hvor bestyrelsen konstituerer sig selv p\u00e5 de \u00f8vrige poster.<\/p>\n<p>Bestyrelsen fasts\u00e6tter selv sin dagsorden; den er kun beslutningsdygtig n\u00e5r mindst halvdelen af medlemmerne er til stede. Afg\u00f8relse tr\u00e6ffes ved simpel stemmeflerhed, ved ligestilling er formandens stemme afg\u00f8rende. Hvis bestyrelsen mener, at et medlem modarbejder foreningens interesser, kan den indstille vedkommende til eksklusion ved n\u00e6ste generalforsamling.<\/p>\n<p>Formanden leder bestyrelsesforhandlingerne og i dennes frav\u00e6r n\u00e6stformanden. Den praktiske drift i klubben er ALLE medlemmer ansvarlige for.<\/p>\n<p>&nbsp;<\/p>\n<h2 id=\"\u00a7-12-regnskab\">\u00a7 12. Regnskab<\/h2>\n<p>Foreningens regnskab er kalender\u00e5ret. Revisionsgodkendt regnskab udf\u00e6rdiges inden kommunens ans\u00f8gningsfrist for aktivitetstilskud udl\u00f8ber. Regnskabet bekendtg\u00f8res senest 3 uger f\u00f8r den ordin\u00e6re generalforsamling. Regnskabet forel\u00e6gges den ordin\u00e6re generalforsamling til godkendelse.<\/p>\n<p>&nbsp;<\/p>\n<h2 id=\"\u00a7-13-revision\">\u00a7 13. Revision<\/h2>\n<p>P\u00e5 den ordin\u00e6re generalforsamling v\u00e6lges hvert \u00e5r 2 kritiske revisorer og en suppleant. Revisorerne har til enhver tid adgang til foreningens regnskab, og skal inden generalforsamlingen gennemg\u00e5 og p\u00e5tegne regnskabet<\/p>\n<p>&nbsp;<\/p>\n<h2 id=\"\u00a7-14-vedt\u00e6gts\u00e6ndringer\">\u00a7 14. Vedt\u00e6gts\u00e6ndringer<\/h2>\n<p>\u00c6ndringer af foreningens vedt\u00e6gter kan kun ske p\u00e5 hver generalforsamling, n\u00e5r mindst 2\/3 af de opgivne stemmer er for forslaget.<\/p>\n<p>&nbsp;<\/p>\n<h2 id=\"\u00a7-15-opl\u00f8sning\">\u00a7 15. Opl\u00f8sning<\/h2>\n<p>Opl\u00f8sning af L\u00e6seforeningens Skakklub kan kun besluttes ved to p\u00e5 hinanden f\u00f8lgende med 14 dages mellemrum indkaldte generalforsamlinger med 3\/4 flertal for forslaget om opl\u00f8sning. Foreningens eventuelle midler og materialer overdrages til Fyns Skak Union med den klausul, at de skal anvendes til fremme af skakspillet blandt b\u00f8rn og unge under 25 \u00e5r i Odense Kommune.<\/p>\n<p>Tvivl om disse love afg\u00f8res af generalforsamlingen<\/p>\n<\/div>\n<\/div>\n<\/div>\n","protected":false},"excerpt":{"rendered":"<p>Vedt\u00e6fter for L\u00e6seforeningens Skaklub &nbsp; \u00a7 1. Foreningens navn og hjemsted Foreningens navn er L\u00e6seforeningens Skakklub, og er hjemmeh\u00f8rende i Odense. Foreningens adresse er formandens adresse. &nbsp; \u00a7 2. Foreningens form\u00e5l L\u00e6seforeningens Skakklubs form\u00e5l er at virke for skakspillets udbredelse i Odense Kommune, at \u00f8ge spillestyrken hos foreningens medlemmer og at skabe f\u00e6llesskab og kammeratskab [&hellip;]<\/p>\n","protected":false},"author":1,"featured_media":0,"parent":0,"menu_order":0,"comment_status":"closed","ping_status":"closed","template":"","meta":{"_mc_calendar":[],"footnotes":""},"class_list":["post-212","page","type-page","status-publish","hentry"],"_links":{"self":[{"href":"https:\/\/lfskak.dk\/lfskakbeta\/wp-json\/wp\/v2\/pages\/212","targetHints":{"allow":["GET"]}}],"collection":[{"href":"https:\/\/lfskak.dk\/lfskakbeta\/wp-json\/wp\/v2\/pages"}],"about":[{"href":"https:\/\/lfskak.dk\/lfskakbeta\/wp-json\/wp\/v2\/types\/page"}],"author":[{"embeddable":true,"href":"https:\/\/lfskak.dk\/lfskakbeta\/wp-json\/wp\/v2\/users\/1"}],"replies":[{"embeddable":true,"href":"https:\/\/lfskak.dk\/lfskakbeta\/wp-json\/wp\/v2\/comments?post=212"}],"version-history":[{"count":9,"href":"https:\/\/lfskak.dk\/lfskakbeta\/wp-json\/wp\/v2\/pages\/212\/revisions"}],"predecessor-version":[{"id":1871,"href":"https:\/\/lfskak.dk\/lfskakbeta\/wp-json\/wp\/v2\/pages\/212\/revisions\/1871"}],"wp:attachment":[{"href":"https:\/\/lfskak.dk\/lfskakbeta\/wp-json\/wp\/v2\/media?parent=212"}],"curies":[{"name":"wp","href":"https:\/\/api.w.org\/{rel}","templated":true}]}}