{"id":282,"date":"2020-06-07T10:37:52","date_gmt":"2020-06-07T08:37:52","guid":{"rendered":"http:\/\/lfskak.dk\/?page_id=282"},"modified":"2021-08-09T13:45:47","modified_gmt":"2021-08-09T11:45:47","slug":"introduktion","status":"publish","type":"page","link":"https:\/\/lfskak.dk\/lfskakbeta\/introduktion\/","title":{"rendered":"Introduktion"},"content":{"rendered":"<p>L\u00e6seforeningens Skakklub er en skakklub, der holder til i den vestlige del af Odense.<\/p>\n<p>&nbsp;<\/p>\n<p>Der er \u00e5bent hver torsdag fra kl. 18.30 til 24.00, eller s\u00e5 l\u00e6nge man nu har lyst \u2013 og der stadig er nogen til at lukke klubben!<br \/>\nKlubben holder til i Bolbro Brugerhus, indgang L ,Stadionvej 50, 5200 Odense V.<\/p>\n<p>&nbsp;<\/p>\n<p>I dag har klubben ca. 85 medlemmer fra 6-85 \u00e5r og<br \/>\nmedlemmerne ligger fra 1000 og op til ca. 2100 -2200 i rating (hvor 1000 er begynder) s\u00e5 der er plads til alle!<\/p>\n<p>&nbsp;<\/p>\n<p>Vi er en klub som g\u00e5r meget op i det sociale, samtidigt med det sportslige. Vi holder flere arrangementer i l\u00f8bet af et \u00e5r for at fremme det sociale, da vi tror p\u00e5, at det sociale fremmer det sportslige. L\u00e6seforeningens Skakklub prioriterer hele tiden at klubben er i balance.<\/p>\n<p>&nbsp;<\/p>\n<p>Klubbens f\u00f8rstehold deltager i divisionsturneringen og vi har flere hold med i den Fynske holdturnering. I l\u00f8bet af \u00e5ret er der turneringer i klubben, som alle kan deltage i og hvis du blot lyster at spille lidt hygge-skak eller analysere partier sammen med klubkammeraterne er der ogs\u00e5 rigeligt plads til dette. Det er kendt at der hygges i caf\u00e9en med analyser og lyn skak p\u00e5 aftener, hvor klubben har \u00e5bent.<\/p>\n<p>&nbsp;<\/p>\n<p>L\u00e6seforenings Skakklub har ydermere en stor ungdomsafdeling som er bygget op under tankerne som et akademi. Bo.C.A Juniors (Bolbro Chess Acadamy). P\u00e5 akademiet g\u00e5r der b\u00f8rn fra store dele af Odense og s\u00e5gar andre steder fra Fyn. Vi kan med stolthed sige at vi ogs\u00e5 har et bredt antal af underviser, med erfaring inden for dette. De fleste af underviserne er ogs\u00e5 skakspillere med styrke som mesterspillere. Der er \u00e5bent i Bo.C.A Juniors hver torsdag kl. 15.15 \u2013 17.30. Du kan l\u00e6se mere om Bo.C.A Juniors <a href=\"http:\/\/lfskak.dk\/bocajuniors\">her<\/a>.<\/p>\n<p>&nbsp;<\/p>\n<p>Vel m\u00f8dt i L\u00e6seforenings Skakklub<\/p>\n","protected":false},"excerpt":{"rendered":"<p>L\u00e6seforeningens Skakklub er en skakklub, der holder til i den vestlige del af Odense. &nbsp; Der er \u00e5bent hver torsdag fra kl. 18.30 til 24.00, eller s\u00e5 l\u00e6nge man nu har lyst \u2013 og der stadig er nogen til at lukke klubben! Klubben holder til i Bolbro Brugerhus, indgang L ,Stadionvej 50, 5200 Odense V. [&hellip;]<\/p>\n","protected":false},"author":1,"featured_media":0,"parent":0,"menu_order":0,"comment_status":"closed","ping_status":"closed","template":"","meta":{"_mc_calendar":[],"footnotes":""},"class_list":["post-282","page","type-page","status-publish","hentry"],"_links":{"self":[{"href":"https:\/\/lfskak.dk\/lfskakbeta\/wp-json\/wp\/v2\/pages\/282","targetHints":{"allow":["GET"]}}],"collection":[{"href":"https:\/\/lfskak.dk\/lfskakbeta\/wp-json\/wp\/v2\/pages"}],"about":[{"href":"https:\/\/lfskak.dk\/lfskakbeta\/wp-json\/wp\/v2\/types\/page"}],"author":[{"embeddable":true,"href":"https:\/\/lfskak.dk\/lfskakbeta\/wp-json\/wp\/v2\/users\/1"}],"replies":[{"embeddable":true,"href":"https:\/\/lfskak.dk\/lfskakbeta\/wp-json\/wp\/v2\/comments?post=282"}],"version-history":[{"count":10,"href":"https:\/\/lfskak.dk\/lfskakbeta\/wp-json\/wp\/v2\/pages\/282\/revisions"}],"predecessor-version":[{"id":1176,"href":"https:\/\/lfskak.dk\/lfskakbeta\/wp-json\/wp\/v2\/pages\/282\/revisions\/1176"}],"wp:attachment":[{"href":"https:\/\/lfskak.dk\/lfskakbeta\/wp-json\/wp\/v2\/media?parent=282"}],"curies":[{"name":"wp","href":"https:\/\/api.w.org\/{rel}","templated":true}]}}