{"id":875,"date":"2020-07-31T14:50:30","date_gmt":"2020-07-31T12:50:30","guid":{"rendered":"http:\/\/lfskak.dk\/?page_id=875"},"modified":"2020-07-31T14:50:30","modified_gmt":"2020-07-31T12:50:30","slug":"bliv-sponsor-i-bo-c-a-juniors","status":"publish","type":"page","link":"https:\/\/lfskak.dk\/lfskakbeta\/bliv-sponsor-i-bo-c-a-juniors\/","title":{"rendered":"Bliv Sponsor i Bo.C.A Juniors"},"content":{"rendered":"<p style=\"text-align: center;\"><strong>Bliv Sponsor i Bo.C.A Juniors <\/strong><\/p>\n<p><strong>\u00a0<\/strong><\/p>\n<p><strong>Hvem er vi \u00a0<\/strong><\/p>\n<p>Bo.C.A. Juniors (Bolbro\u00b4s Chess Academy) er ungdomsafdelingen i skakklubben L\u00e6seforeningen. Ungdomsafdelingen har siden januar, 2018, drevet et skak undervisningstilbud for b\u00f8rn og unge. Tilbuddet best\u00e5r af en bred vifte af aktiviteter i relation til skak undervisning, og er baseret p\u00e5 en moderne forst\u00e5else af motiverende l\u00e6ringsmilj\u00f8er. Vi arbejder ud fra m\u00e5l som;<\/p>\n<p>&nbsp;<\/p>\n<ul>\n<li>at skabe trivsel og god l\u00e6ringsadf\u00e6rd<\/li>\n<li>at arbejde med inkluderende f\u00e6llesskaber<\/li>\n<li>at skabe positive l\u00e6ringsoplevelser<\/li>\n<li>at arbejde med den unders\u00f8gende tilgang og kritiske t\u00e6nkning<\/li>\n<\/ul>\n<p>&nbsp;<\/p>\n<p><strong>Hvad s\u00f8ger vi <\/strong><\/p>\n<p>Ungdomsafdelingen \u2013 der i dag er i rivende udvikling og med et stadigt stigende aktivitetsniveau i forhold til eftersp\u00f8rgslen p\u00e5 skakundervisning \u2013 s\u00f8ger finansiering til materialer og andet for at kunne opretholde et stigende aktivitetsniveau i undervisningen. Bo.C.A. Juniors tilbyder skakundervisning til b\u00f8rn og unge 20 timer om ugen. Vi har p\u00e5 denne baggrund l\u00f8bende behov for opgradering af klubbens materialer. Samt l\u00f8bende behov for opgradering af den litteraturer del og digitale software til underviserne p\u00e5 akademiet som bruges i undervisningen. I og med at der tilbydes ambiti\u00f8s og professionel undervisning s\u00f8ger akademiet ogs\u00e5 midler i fonde og offentlige puljer, hvilket betyder at der er l\u00f8bende behov for midler til fundraising.<\/p>\n<p>&nbsp;<\/p>\n<p><strong>Hvem kan blive sponsor? <\/strong><\/p>\n<p>Alle kan sponsere Bolbro Chess Academy, b\u00e5de private og firmaer.<\/p>\n<p>&nbsp;<\/p>\n<p><strong>Hvordan g\u00f8r du? <\/strong><\/p>\n<p><span style=\"text-decoration: underline;\">Private<\/span>:\u00a0 kan donere et bel\u00f8b ved at overf\u00f8rer til klubbens konto med teksten \u201dsponsorat Bo.C.A Juniors\u201d.<\/p>\n<p><span style=\"text-decoration: underline;\">Firmaer<\/span>: kan ligesom private personer sponsere ved at overf\u00f8re et bel\u00f8b til klubbens konto.<\/p>\n<ul>\n<li>Vi vil dog gerne g\u00e5 i dialog med firmaer, da der er god mulighed for eksponering af firmaet p\u00e5 digitale platforme og evt. logo p\u00e5 spilletr\u00f8jer.<\/li>\n<\/ul>\n<p>&nbsp;<\/p>\n<p><strong>Klubbens konto: <\/strong><\/p>\n<p><em>Danske Bank <\/em><\/p>\n<p><em>Kontonummer:<\/em> 1551 -8224862<\/p>\n<p>&nbsp;<\/p>\n<p><span style=\"text-decoration: underline;\">Ved sp\u00f8rgsm\u00e5l vedr\u00f8rende donationer eller sponsorater kan der rettes henvendelse til:<\/span><\/p>\n<p>&nbsp;<\/p>\n<p>Formand:<\/p>\n<p>Lars Munk Jensen\u00a0 \u00a0 \u00a0 \u00a0 \u00a0 \u00a0 \u00a0 \u00a0 \u00a0 \u00a0 \u00a0 \u00a0 \u00a0 \u00a0 \u00a0 \u00a0 \u00a0 \u00a0 \u00a0 \u00a0 \u00a0 \u00a0 \u00a0 \u00a0 \u00a0 \u00a0 \u00a0 \u00a0 \u00a0 \u00a0 \u00a0 \u00a0 \u00a0 \u00a0 \u00a0 \u00a0 \u00a0Ruben Jepsen<\/p>\n<p>e-mail: lamujen@hotmail.com\u00a0 \u00a0 \u00a0 \u00a0 \u00a0 \u00a0 \u00a0 \u00a0 \u00a0 \u00a0 \u00a0 \u00a0 \u00a0 \u00a0 \u00a0 \u00a0 \u00a0 \u00a0 \u00a0 \u00a0 \u00a0 \u00a0 \u00a0 \u00a0 \u00a0 \u00a0 e-mail: r-jepsen@hotmail.com<\/p>\n<p>&nbsp;<\/p>\n<p>&nbsp;<\/p>\n","protected":false},"excerpt":{"rendered":"<p>Bliv Sponsor i Bo.C.A Juniors \u00a0 Hvem er vi \u00a0 Bo.C.A. Juniors (Bolbro\u00b4s Chess Academy) er ungdomsafdelingen i skakklubben L\u00e6seforeningen. Ungdomsafdelingen har siden januar, 2018, drevet et skak undervisningstilbud for b\u00f8rn og unge. Tilbuddet best\u00e5r af en bred vifte af aktiviteter i relation til skak undervisning, og er baseret p\u00e5 en moderne forst\u00e5else af motiverende [&hellip;]<\/p>\n","protected":false},"author":5,"featured_media":0,"parent":0,"menu_order":0,"comment_status":"closed","ping_status":"closed","template":"","meta":{"_mc_calendar":[],"footnotes":""},"class_list":["post-875","page","type-page","status-publish","hentry"],"_links":{"self":[{"href":"https:\/\/lfskak.dk\/lfskakbeta\/wp-json\/wp\/v2\/pages\/875","targetHints":{"allow":["GET"]}}],"collection":[{"href":"https:\/\/lfskak.dk\/lfskakbeta\/wp-json\/wp\/v2\/pages"}],"about":[{"href":"https:\/\/lfskak.dk\/lfskakbeta\/wp-json\/wp\/v2\/types\/page"}],"author":[{"embeddable":true,"href":"https:\/\/lfskak.dk\/lfskakbeta\/wp-json\/wp\/v2\/users\/5"}],"replies":[{"embeddable":true,"href":"https:\/\/lfskak.dk\/lfskakbeta\/wp-json\/wp\/v2\/comments?post=875"}],"version-history":[{"count":8,"href":"https:\/\/lfskak.dk\/lfskakbeta\/wp-json\/wp\/v2\/pages\/875\/revisions"}],"predecessor-version":[{"id":883,"href":"https:\/\/lfskak.dk\/lfskakbeta\/wp-json\/wp\/v2\/pages\/875\/revisions\/883"}],"wp:attachment":[{"href":"https:\/\/lfskak.dk\/lfskakbeta\/wp-json\/wp\/v2\/media?parent=875"}],"curies":[{"name":"wp","href":"https:\/\/api.w.org\/{rel}","templated":true}]}}